{"id":1181,"date":"2025-08-10T13:42:56","date_gmt":"2025-08-10T13:42:56","guid":{"rendered":"https:\/\/agdam.org\/?page_id=1181"},"modified":"2025-10-27T17:38:06","modified_gmt":"2025-10-27T13:38:06","slug":"kitabxana","status":"publish","type":"page","link":"https:\/\/agdam.org\/?page_id=1181","title":{"rendered":"Kitabxana"},"content":{"rendered":"<h1><strong><a href=\"https:\/\/agdam.org\/wp-content\/uploads\/2025\/08\/qarabaglihuseynalibeyPDF.pdf\" target=\"_blank\" rel=\"noopener\">Qaraba\u011fl\u0131 H\u00fcseynal\u0131 b\u0259y (R\u00f6v\u015f\u0259n Asifo\u011flu)<\/a><\/strong><\/h1>\n<h1><strong><a href=\"https:\/\/agdam.org\/wp-content\/uploads\/2025\/08\/ruhlar-sheheri_qara.pdf\" target=\"_blank\" rel=\"noopener\">Ruhlar \u015f\u0259h\u0259ri (Vahid Qazi)<\/a><\/strong><\/h1>\n<h1><strong><a href=\"https:\/\/agdam.org\/wp-content\/uploads\/2025\/08\/vahi-qazi-etiraz-haqqi.pdf\" target=\"_blank\" rel=\"noopener\">Etiraz haqq\u0131 (Vahid Qazi)<\/a><\/strong><\/h1>\n<h1><strong><a href=\"https:\/\/agdam.org\/wp-content\/uploads\/2025\/08\/1.-kitab-qarabag-aynasinda-azc999rbaycan.pdf\" target=\"_blank\" rel=\"noopener\">Qaraba\u011f aynas\u0131nda (Vahid Qazi)<\/a><\/strong><\/h1>\n<h1><strong><a href=\"https:\/\/agdam.org\/wp-content\/uploads\/2025\/10\/ELEMDAR-Kitab-EN-SONUNCU-CAP.pdf\" target=\"_blank\" rel=\"noopener\">\u018fl\u0259mdar Qaraba\u011fl\u0131-\u0130nsan v\u0259 d\u00fcnya<\/a><\/strong><\/h1>\n","protected":false},"excerpt":{"rendered":"<p>Qaraba\u011fl\u0131 H\u00fcseynal\u0131 b\u0259y (R\u00f6v\u015f\u0259n Asifo\u011flu) Ruhlar \u015f\u0259h\u0259ri (Vahid Qazi) Etiraz haqq\u0131 (Vahid Qazi) Qaraba\u011f aynas\u0131nda [&hellip;]<\/p>\n","protected":false},"author":2,"featured_media":0,"parent":0,"menu_order":0,"comment_status":"closed","ping_status":"closed","template":"","meta":{"footnotes":""},"class_list":["post-1181","page","type-page","status-publish","hentry"],"jetpack_sharing_enabled":true,"_links":{"self":[{"href":"https:\/\/agdam.org\/index.php?rest_route=\/wp\/v2\/pages\/1181","targetHints":{"allow":["GET"]}}],"collection":[{"href":"https:\/\/agdam.org\/index.php?rest_route=\/wp\/v2\/pages"}],"about":[{"href":"https:\/\/agdam.org\/index.php?rest_route=\/wp\/v2\/types\/page"}],"author":[{"embeddable":true,"href":"https:\/\/agdam.org\/index.php?rest_route=\/wp\/v2\/users\/2"}],"replies":[{"embeddable":true,"href":"https:\/\/agdam.org\/index.php?rest_route=%2Fwp%2Fv2%2Fcomments&post=1181"}],"version-history":[{"count":5,"href":"https:\/\/agdam.org\/index.php?rest_route=\/wp\/v2\/pages\/1181\/revisions"}],"predecessor-version":[{"id":1629,"href":"https:\/\/agdam.org\/index.php?rest_route=\/wp\/v2\/pages\/1181\/revisions\/1629"}],"wp:attachment":[{"href":"https:\/\/agdam.org\/index.php?rest_route=%2Fwp%2Fv2%2Fmedia&parent=1181"}],"curies":[{"name":"wp","href":"https:\/\/api.w.org\/{rel}","templated":true}]}}